{"id":950,"date":"2025-09-04T09:08:58","date_gmt":"2025-09-04T07:08:58","guid":{"rendered":"https:\/\/jingshenhoitohuone.com\/?page_id=950"},"modified":"2026-02-01T21:48:56","modified_gmt":"2026-02-01T19:48:56","slug":"galleria-jingshen","status":"publish","type":"page","link":"https:\/\/jingshenhoitohuone.com\/en\/galleria-jingshen\/","title":{"rendered":"Galleria Jingshen \/ art, creativity and wellbeing"},"content":{"rendered":"<p class=\"\">Jingshen hoitohuone toimii my\u00f6s taidegalleriana. Taiteella on huomattava vaikutus inhimilliseen hyvinvointiin, ja hoitohuoneen asiakkaat p\u00e4\u00e4sev\u00e4tkin ihanien hoitojen ohella nauttimaan my\u00f6s hoitohuoneella j\u00e4rjest\u00e4mist\u00e4ni vaihtuvista n\u00e4yttelyist\u00e4. Haluan  henkil\u00f6kohtaisesti tukea taidetta ja taiteilijoita oman kuvataiteilija-taustani vuoksi. Siksi n\u00e4yttelytila on taiteilijoille ilmainen.<\/p>\n\n\n\n<p class=\"\">Jos olet kiinnostunut pit\u00e4m\u00e4\u00e4n n\u00e4yttelyn hoitohuoneella, voit ottaa minuun yhteytt\u00e4 s\u00e4hk\u00f6postitse.<\/p>\n\n\n\n<p class=\"\">Galleria Jingshen on yleis\u00f6lle avoinna avajaisp\u00e4iv\u00e4n\u00e4 ja sen j\u00e4lkeen ty\u00f6t ovat n\u00e4ht\u00e4vill\u00e4 hoitohuoneen asiakkaille. Taiteilija voi my\u00f6s halutessaan n\u00e4ytt\u00e4\u00e4 t\u00f6it\u00e4 omalla opastuksellaan erikseen sovittuna aikana. <\/p>\n\n\n\n<h3 class=\"wp-block-heading\"> Tulevat n\u00e4yttelyt:<\/h3>\n\n\n\n<p class=\"\">Veli Savonen: Tanssi \/ Avajaiset 10.4.2026 klo 18-20<\/p>\n\n\n\n<h3 class=\"wp-block-heading\">Menneet n\u00e4yttelyt<\/h3>\n\n\n\n<p class=\"\">Avajaisn\u00e4yttely: Eeva-Liisa Puhakka ja Maria Rannanheimo + Islaja <\/p>\n\n\n\n<figure class=\"wp-block-image size-large\"><img data-recalc-dims=\"1\" loading=\"lazy\" decoding=\"async\" width=\"580\" height=\"435\" src=\"https:\/\/i0.wp.com\/jingshenhoitohuone.com\/wp-content\/uploads\/2025\/09\/PHOTO-2024-12-07-14-21-24.jpg?resize=580%2C435&#038;ssl=1\" alt=\"Eeva-Liisa Puhakka ja Maria Rannanheimo\" class=\"wp-image-952\" srcset=\"https:\/\/i0.wp.com\/jingshenhoitohuone.com\/wp-content\/uploads\/2025\/09\/PHOTO-2024-12-07-14-21-24.jpg?resize=1024%2C768&amp;ssl=1 1024w, https:\/\/i0.wp.com\/jingshenhoitohuone.com\/wp-content\/uploads\/2025\/09\/PHOTO-2024-12-07-14-21-24.jpg?resize=300%2C225&amp;ssl=1 300w, https:\/\/i0.wp.com\/jingshenhoitohuone.com\/wp-content\/uploads\/2025\/09\/PHOTO-2024-12-07-14-21-24.jpg?resize=768%2C576&amp;ssl=1 768w, https:\/\/i0.wp.com\/jingshenhoitohuone.com\/wp-content\/uploads\/2025\/09\/PHOTO-2024-12-07-14-21-24.jpg?resize=1536%2C1152&amp;ssl=1 1536w, https:\/\/i0.wp.com\/jingshenhoitohuone.com\/wp-content\/uploads\/2025\/09\/PHOTO-2024-12-07-14-21-24.jpg?resize=16%2C12&amp;ssl=1 16w, https:\/\/i0.wp.com\/jingshenhoitohuone.com\/wp-content\/uploads\/2025\/09\/PHOTO-2024-12-07-14-21-24.jpg?resize=1200%2C900&amp;ssl=1 1200w, https:\/\/i0.wp.com\/jingshenhoitohuone.com\/wp-content\/uploads\/2025\/09\/PHOTO-2024-12-07-14-21-24.jpg?w=1600&amp;ssl=1 1600w\" sizes=\"auto, (max-width: 580px) 100vw, 580px\" \/><figcaption class=\"wp-element-caption\">Eeva-Liisa Puhakan lintuveistos ja Maria Rannanheimon valokuvia  (kuva: Maria Rannaheimo)<\/figcaption><\/figure>\n\n\n\n<figure class=\"wp-block-image size-large\"><img data-recalc-dims=\"1\" loading=\"lazy\" decoding=\"async\" width=\"580\" height=\"435\" src=\"https:\/\/i0.wp.com\/jingshenhoitohuone.com\/wp-content\/uploads\/2025\/09\/PHOTO-2024-12-07-14-21-22.jpg?resize=580%2C435&#038;ssl=1\" alt=\"Islajan eksperimentaalinen \u00e4\u00e4niteos jossa puhutellaan kalliota ja nostetaan energiakehon v\u00e4r\u00e4htelytaajuutta.\" class=\"wp-image-953\" srcset=\"https:\/\/i0.wp.com\/jingshenhoitohuone.com\/wp-content\/uploads\/2025\/09\/PHOTO-2024-12-07-14-21-22.jpg?resize=1024%2C768&amp;ssl=1 1024w, https:\/\/i0.wp.com\/jingshenhoitohuone.com\/wp-content\/uploads\/2025\/09\/PHOTO-2024-12-07-14-21-22.jpg?resize=300%2C225&amp;ssl=1 300w, https:\/\/i0.wp.com\/jingshenhoitohuone.com\/wp-content\/uploads\/2025\/09\/PHOTO-2024-12-07-14-21-22.jpg?resize=768%2C576&amp;ssl=1 768w, https:\/\/i0.wp.com\/jingshenhoitohuone.com\/wp-content\/uploads\/2025\/09\/PHOTO-2024-12-07-14-21-22.jpg?resize=1536%2C1152&amp;ssl=1 1536w, https:\/\/i0.wp.com\/jingshenhoitohuone.com\/wp-content\/uploads\/2025\/09\/PHOTO-2024-12-07-14-21-22.jpg?resize=16%2C12&amp;ssl=1 16w, https:\/\/i0.wp.com\/jingshenhoitohuone.com\/wp-content\/uploads\/2025\/09\/PHOTO-2024-12-07-14-21-22.jpg?resize=1200%2C900&amp;ssl=1 1200w, https:\/\/i0.wp.com\/jingshenhoitohuone.com\/wp-content\/uploads\/2025\/09\/PHOTO-2024-12-07-14-21-22.jpg?w=1600&amp;ssl=1 1600w\" sizes=\"auto, (max-width: 580px) 100vw, 580px\" \/><figcaption class=\"wp-element-caption\">Islajan eksperimentaalinen \u00e4\u00e4niteos hoitohuoneen avajaisissa, jossa puhutellaan kalliota pyyt\u00e4en silt\u00e4 kannattelua ja nostetaan energiakehon v\u00e4r\u00e4htelytaajuutta. (kuva: Maria Rannaheimo)<\/figcaption><\/figure>\n\n\n\n<p class=\"\"><\/p>\n\n\n\n<p class=\"\"><\/p>\n\n\n\n<p class=\"\">Simon Brunel: Homecoming<\/p>\n\n\n\n<figure class=\"wp-block-image size-large\"><img data-recalc-dims=\"1\" loading=\"lazy\" decoding=\"async\" width=\"580\" height=\"435\" src=\"https:\/\/i0.wp.com\/jingshenhoitohuone.com\/wp-content\/uploads\/2025\/09\/PHOTO-2025-05-01-22-16-44.jpg?resize=580%2C435&#038;ssl=1\" alt=\"Simon Brunel\" class=\"wp-image-951\" srcset=\"https:\/\/i0.wp.com\/jingshenhoitohuone.com\/wp-content\/uploads\/2025\/09\/PHOTO-2025-05-01-22-16-44.jpg?resize=1024%2C768&amp;ssl=1 1024w, https:\/\/i0.wp.com\/jingshenhoitohuone.com\/wp-content\/uploads\/2025\/09\/PHOTO-2025-05-01-22-16-44.jpg?resize=300%2C225&amp;ssl=1 300w, https:\/\/i0.wp.com\/jingshenhoitohuone.com\/wp-content\/uploads\/2025\/09\/PHOTO-2025-05-01-22-16-44.jpg?resize=768%2C576&amp;ssl=1 768w, https:\/\/i0.wp.com\/jingshenhoitohuone.com\/wp-content\/uploads\/2025\/09\/PHOTO-2025-05-01-22-16-44.jpg?resize=1536%2C1152&amp;ssl=1 1536w, https:\/\/i0.wp.com\/jingshenhoitohuone.com\/wp-content\/uploads\/2025\/09\/PHOTO-2025-05-01-22-16-44.jpg?resize=16%2C12&amp;ssl=1 16w, https:\/\/i0.wp.com\/jingshenhoitohuone.com\/wp-content\/uploads\/2025\/09\/PHOTO-2025-05-01-22-16-44.jpg?resize=1200%2C900&amp;ssl=1 1200w, https:\/\/i0.wp.com\/jingshenhoitohuone.com\/wp-content\/uploads\/2025\/09\/PHOTO-2025-05-01-22-16-44.jpg?resize=1980%2C1485&amp;ssl=1 1980w, https:\/\/i0.wp.com\/jingshenhoitohuone.com\/wp-content\/uploads\/2025\/09\/PHOTO-2025-05-01-22-16-44.jpg?w=2048&amp;ssl=1 2048w, https:\/\/i0.wp.com\/jingshenhoitohuone.com\/wp-content\/uploads\/2025\/09\/PHOTO-2025-05-01-22-16-44.jpg?w=1740&amp;ssl=1 1740w\" sizes=\"auto, (max-width: 580px) 100vw, 580px\" \/><figcaption class=\"wp-element-caption\">Simon Brunelin valokuvan\u00e4yttely. Brunel valokuvasi Helsinki\u00e4 vuoden ajan muutettuaan perheens\u00e4 kanssa Berliinist\u00e4 Helsinkiin vuonna 2024. (Kuva: Aino El Solh)<\/figcaption><\/figure>\n\n\n\n<p class=\"\"><\/p>\n\n\n\n<p class=\"\"><\/p>\n\n\n\n<p class=\"\">Salla-Sofia Leppiniemi: Elements <\/p>\n\n\n\n<figure class=\"wp-block-image size-full\"><img data-recalc-dims=\"1\" loading=\"lazy\" decoding=\"async\" width=\"580\" height=\"435\" src=\"https:\/\/i0.wp.com\/jingshenhoitohuone.com\/wp-content\/uploads\/2026\/01\/IMG_9891-scaled.jpeg?resize=580%2C435&#038;ssl=1\" alt=\"\" class=\"wp-image-973\" srcset=\"https:\/\/i0.wp.com\/jingshenhoitohuone.com\/wp-content\/uploads\/2026\/01\/IMG_9891-scaled.jpeg?w=2560&amp;ssl=1 2560w, https:\/\/i0.wp.com\/jingshenhoitohuone.com\/wp-content\/uploads\/2026\/01\/IMG_9891-scaled.jpeg?resize=300%2C225&amp;ssl=1 300w, https:\/\/i0.wp.com\/jingshenhoitohuone.com\/wp-content\/uploads\/2026\/01\/IMG_9891-scaled.jpeg?resize=1024%2C768&amp;ssl=1 1024w, https:\/\/i0.wp.com\/jingshenhoitohuone.com\/wp-content\/uploads\/2026\/01\/IMG_9891-scaled.jpeg?resize=768%2C576&amp;ssl=1 768w, https:\/\/i0.wp.com\/jingshenhoitohuone.com\/wp-content\/uploads\/2026\/01\/IMG_9891-scaled.jpeg?resize=1536%2C1152&amp;ssl=1 1536w, https:\/\/i0.wp.com\/jingshenhoitohuone.com\/wp-content\/uploads\/2026\/01\/IMG_9891-scaled.jpeg?w=1160&amp;ssl=1 1160w, https:\/\/i0.wp.com\/jingshenhoitohuone.com\/wp-content\/uploads\/2026\/01\/IMG_9891-scaled.jpeg?w=1740&amp;ssl=1 1740w\" sizes=\"auto, (max-width: 580px) 100vw, 580px\" \/><figcaption class=\"wp-element-caption\">Salla-Sofia Leppiniemen n\u00e4yttelyss\u00e4 Elements n\u00e4htiin viisi elementti\u00e4: Puu, Tuli, Maa, Metalli ja Vesi maalausten muodossa.<\/figcaption><\/figure>\n\n\n\n<p class=\"\"><\/p>\n\n\n\n<figure class=\"wp-block-image size-full\"><img data-recalc-dims=\"1\" loading=\"lazy\" decoding=\"async\" width=\"580\" height=\"435\" src=\"https:\/\/i0.wp.com\/jingshenhoitohuone.com\/wp-content\/uploads\/2026\/01\/IMG_9876-2.jpeg?resize=580%2C435&#038;ssl=1\" alt=\"Galleria Jingshen: Salla-Sofia Leppiniemi\" class=\"wp-image-977\"\/><figcaption class=\"wp-element-caption\"> Elements- n\u00e4yttelyn avajaiset 4.9.2025<\/figcaption><\/figure>\n\n\n\n<p class=\"\"><\/p>","protected":false},"excerpt":{"rendered":"<p>Jingshen hoitohuone toimii my\u00f6s taidegalleriana. Taiteella on huomattava vaikutus inhimilliseen hyvinvointiin, ja hoitohuoneen asiakkaat p\u00e4\u00e4sev\u00e4tkin ihanien hoitojen ohella nauttimaan my\u00f6s hoitohuoneella j\u00e4rjest\u00e4mist\u00e4ni vaihtuvista n\u00e4yttelyist\u00e4. Haluan henkil\u00f6kohtaisesti tukea taidetta ja taiteilijoita oman kuvataiteilija-taustani vuoksi. Siksi n\u00e4yttelytila on taiteilijoille ilmainen. Jos olet kiinnostunut pit\u00e4m\u00e4\u00e4n n\u00e4yttelyn hoitohuoneella, voit ottaa minuun yhteytt\u00e4 s\u00e4hk\u00f6postitse. Galleria Jingshen on yleis\u00f6lle avoinna avajaisp\u00e4iv\u00e4n\u00e4 [&hellip;]<\/p>\n","protected":false},"author":1,"featured_media":0,"parent":0,"menu_order":0,"comment_status":"closed","ping_status":"closed","template":"","meta":{"nf_dc_page":"","om_disable_all_campaigns":false,"_monsterinsights_skip_tracking":false,"_monsterinsights_sitenote_active":false,"_monsterinsights_sitenote_note":"","_monsterinsights_sitenote_category":0,"footnotes":""},"class_list":["post-950","page","type-page","status-publish","hentry"],"aioseo_notices":[],"jetpack_sharing_enabled":true,"jetpack_likes_enabled":true,"_links":{"self":[{"href":"https:\/\/jingshenhoitohuone.com\/en\/wp-json\/wp\/v2\/pages\/950","targetHints":{"allow":["GET"]}}],"collection":[{"href":"https:\/\/jingshenhoitohuone.com\/en\/wp-json\/wp\/v2\/pages"}],"about":[{"href":"https:\/\/jingshenhoitohuone.com\/en\/wp-json\/wp\/v2\/types\/page"}],"author":[{"embeddable":true,"href":"https:\/\/jingshenhoitohuone.com\/en\/wp-json\/wp\/v2\/users\/1"}],"replies":[{"embeddable":true,"href":"https:\/\/jingshenhoitohuone.com\/en\/wp-json\/wp\/v2\/comments?post=950"}],"version-history":[{"count":4,"href":"https:\/\/jingshenhoitohuone.com\/en\/wp-json\/wp\/v2\/pages\/950\/revisions"}],"predecessor-version":[{"id":995,"href":"https:\/\/jingshenhoitohuone.com\/en\/wp-json\/wp\/v2\/pages\/950\/revisions\/995"}],"wp:attachment":[{"href":"https:\/\/jingshenhoitohuone.com\/en\/wp-json\/wp\/v2\/media?parent=950"}],"curies":[{"name":"wp","href":"https:\/\/api.w.org\/{rel}","templated":true}]}}