{"id":4,"date":"2021-12-21T11:01:35","date_gmt":"2021-12-21T11:01:35","guid":{"rendered":"https:\/\/jingshenhoitohuone.com\/?page_id=4"},"modified":"2026-01-30T12:25:22","modified_gmt":"2026-01-30T10:25:22","slug":"hoidot-ja-hinnat","status":"publish","type":"page","link":"https:\/\/jingshenhoitohuone.com\/en\/akupunktiota-helsingissa\/hoidot-ja-hinnat\/","title":{"rendered":"Jingshen Hoitohuone Prices + tips for choosing the right treatment"},"content":{"rendered":"<figure class=\"wp-block-image size-large\"><img data-recalc-dims=\"1\" loading=\"lazy\" decoding=\"async\" width=\"580\" height=\"773\" src=\"https:\/\/i0.wp.com\/jingshenhoitohuone.com\/wp-content\/uploads\/2024\/08\/Maksa-3-neulaus.jpg?resize=580%2C773&#038;ssl=1\" alt=\"stressinhallinta\" class=\"wp-image-861\" srcset=\"https:\/\/i0.wp.com\/jingshenhoitohuone.com\/wp-content\/uploads\/2024\/08\/Maksa-3-neulaus.jpg?resize=768%2C1024&amp;ssl=1 768w, https:\/\/i0.wp.com\/jingshenhoitohuone.com\/wp-content\/uploads\/2024\/08\/Maksa-3-neulaus.jpg?resize=225%2C300&amp;ssl=1 225w, https:\/\/i0.wp.com\/jingshenhoitohuone.com\/wp-content\/uploads\/2024\/08\/Maksa-3-neulaus.jpg?resize=1152%2C1536&amp;ssl=1 1152w, https:\/\/i0.wp.com\/jingshenhoitohuone.com\/wp-content\/uploads\/2024\/08\/Maksa-3-neulaus.jpg?resize=9%2C12&amp;ssl=1 9w, https:\/\/i0.wp.com\/jingshenhoitohuone.com\/wp-content\/uploads\/2024\/08\/Maksa-3-neulaus.jpg?resize=1200%2C1600&amp;ssl=1 1200w, https:\/\/i0.wp.com\/jingshenhoitohuone.com\/wp-content\/uploads\/2024\/08\/Maksa-3-neulaus.jpg?w=1512&amp;ssl=1 1512w\" sizes=\"auto, (max-width: 580px) 100vw, 580px\" \/><\/figure>\n\n\n\n<figure class=\"wp-block-image size-full\"><img data-recalc-dims=\"1\" loading=\"lazy\" decoding=\"async\" width=\"480\" height=\"640\" src=\"https:\/\/i0.wp.com\/jingshenhoitohuone.com\/wp-content\/uploads\/2025\/02\/image0-5-rotated.jpeg?resize=480%2C640&#038;ssl=1\" alt=\"Kosmeettinen akupunktio\" class=\"wp-image-896\" srcset=\"https:\/\/i0.wp.com\/jingshenhoitohuone.com\/wp-content\/uploads\/2025\/02\/image0-5-rotated.jpeg?w=480&amp;ssl=1 480w, https:\/\/i0.wp.com\/jingshenhoitohuone.com\/wp-content\/uploads\/2025\/02\/image0-5-rotated.jpeg?resize=225%2C300&amp;ssl=1 225w, https:\/\/i0.wp.com\/jingshenhoitohuone.com\/wp-content\/uploads\/2025\/02\/image0-5-rotated.jpeg?resize=9%2C12&amp;ssl=1 9w\" sizes=\"auto, (max-width: 480px) 100vw, 480px\" \/><\/figure>\n\n\n\n<h3 class=\"wp-block-heading\">Acupunture <\/h3>\n\n\n\n<p class=\"\"><strong>(Hinta: ensik\u00e4ynti 76e  ja jatkok\u00e4ynti 65e)<\/strong><\/p>\n\n\n\n<p class=\"\">Akupunktio on l\u00e4\u00e4kkeet\u00f6n hoitomuoto erilaisten kehon ep\u00e4tasapainotilojen hoitoon. Akupunktion avulla parannetaan aineenvaihduntaa, lievitet\u00e4\u00e4\u00e4n kipua, rentoutetaan lihaksia, lievitet\u00e4\u00e4n tulehdusreaktioita jne. Akupunktio on my\u00f6s hyv\u00e4 hoito kuukautiskierron h\u00e4iri\u00f6ihin ja hormonaalisiin ongelmiin sek\u00e4 lapsettomuuteen ja IVF hoitojen tukihoidoksi.<\/p>\n\n\n\n<p class=\"\">Akupunktiopisteet sijaitsevat eri puolilla kehoa. Valitsemalla yleisimmin n. 7 eri pisteen yhdistelm\u00e4n, akupunktiohoitaja voi hoitaa l\u00e4hes mit\u00e4 tahansa vaivaa.<\/p>\n\n\n\n<p class=\"\">The treatment is done on a treatment table. It is best to wear something loose since the most important points are located in the arms and legs. If you cannot wear appropriate clothes then you will be asked to take off some of your clothing in order to access the points.<\/p>\n\n\n\n<p class=\"\">Varaathan ensimm\u00e4iselle kerralle aina 75min. pituisen ajan. Varaa 75 min. aika my\u00f6s, jos haluat yhdistelm\u00e4hoidon esim. Akupunktio ja kuppaus. <\/p>\n\n\n\n<h3 class=\"wp-block-heading\">Akupunktion erikoistekniikat<\/h3>\n\n\n\n<p class=\"\"><em><strong>Motorinen akupunktio<\/strong><\/em> \/ <em><strong>S\u00e4hk\u00f6akupunktio<\/strong><\/em> on erinomainen hoito lihasper\u00e4isiin, kroonistuneisiin kiputiloihin. Motorinen akupunktio kohdistuu lihaskudokseen. Siin\u00e4 akupunktioneulat asetetaan oireileviin lihaksiin jotka sitten aktivoidaan s\u00e4hk\u00f6isesti. K\u00e4sittelyn avulla voidaan palauttaa kire\u00e4n ja kipe\u00e4n lihaksen toimintakyky. Yksitt\u00e4isten lihasten k\u00e4sittelyn j\u00e4lkeen keho rentoutetaan viel\u00e4 normaalilla akupunktiohoidolla.Varaa t\u00e4t\u00e4 hoitoa varten 75 min. akupunktio.<\/p>\n\n\n\n<p class=\"\"><strong><em>Akupunktio alkionsiirron yhteydess\u00e4<\/em><\/strong> tehd\u00e4\u00e4n ennen ja j\u00e4lkeen alkionsiirron. Se on tehokas hoito parantamaan raskauden alkamisen mahdollisuutta. Hoitoon tarvitaan kaksi 45 min pituista aikaa sille p\u00e4iv\u00e4lle, jona toimenpide tehd\u00e4\u00e4n. Hoitoaika 2x 45 min.<\/p>\n\n\n\n<p class=\"\"><em><strong>Raskauden k\u00e4ynnisty<\/strong><\/em><strong><em>s<\/em><\/strong> t\u00e4m\u00e4 hoito t\u00e4ht\u00e4\u00e4 raskauden k\u00e4ynnistymiseen. Hoito voidaan toistaa tarvittaessa. Hoito tehd\u00e4\u00e4n p\u00e4\u00e4s\u00e4\u00e4nt\u00f6isesti kylkimakuulla. Hoitoaika 60 min. (voit siis varata t\u00e4t\u00e4 hoitoa varten 60 min. jatkok\u00e4ynnin vaikka et olisi ennen k\u00e4ynyt vastaanotollani.)<\/p>\n\n\n\n<figure class=\"wp-block-image size-large is-resized\"><img data-recalc-dims=\"1\" loading=\"lazy\" decoding=\"async\" width=\"580\" height=\"761\" src=\"https:\/\/i0.wp.com\/jingshenhoitohuone.com\/wp-content\/uploads\/2024\/08\/Jalkahieronta-pisteiden-painelu-1.jpg?resize=580%2C761&#038;ssl=1\" alt=\"vy\u00f6hyketerapia sopii lapsille\" class=\"wp-image-870\" style=\"width:437px;height:auto\" srcset=\"https:\/\/i0.wp.com\/jingshenhoitohuone.com\/wp-content\/uploads\/2024\/08\/Jalkahieronta-pisteiden-painelu-1.jpg?resize=780%2C1024&amp;ssl=1 780w, https:\/\/i0.wp.com\/jingshenhoitohuone.com\/wp-content\/uploads\/2024\/08\/Jalkahieronta-pisteiden-painelu-1.jpg?resize=229%2C300&amp;ssl=1 229w, https:\/\/i0.wp.com\/jingshenhoitohuone.com\/wp-content\/uploads\/2024\/08\/Jalkahieronta-pisteiden-painelu-1.jpg?resize=768%2C1008&amp;ssl=1 768w, https:\/\/i0.wp.com\/jingshenhoitohuone.com\/wp-content\/uploads\/2024\/08\/Jalkahieronta-pisteiden-painelu-1.jpg?resize=1171%2C1536&amp;ssl=1 1171w, https:\/\/i0.wp.com\/jingshenhoitohuone.com\/wp-content\/uploads\/2024\/08\/Jalkahieronta-pisteiden-painelu-1.jpg?resize=9%2C12&amp;ssl=1 9w, https:\/\/i0.wp.com\/jingshenhoitohuone.com\/wp-content\/uploads\/2024\/08\/Jalkahieronta-pisteiden-painelu-1.jpg?resize=1200%2C1575&amp;ssl=1 1200w, https:\/\/i0.wp.com\/jingshenhoitohuone.com\/wp-content\/uploads\/2024\/08\/Jalkahieronta-pisteiden-painelu-1.jpg?w=1310&amp;ssl=1 1310w\" sizes=\"auto, (max-width: 580px) 100vw, 580px\" \/><\/figure>\n\n\n\n<h4 class=\"wp-block-heading\">REFLEKSOLOGIA<\/h4>\n\n\n\n<p class=\"\"><strong>(Hinta: 55e)<\/strong><\/p>\n\n\n\n<p class=\"\"><strong><em>Vy\u00f6hyketerapiassa<\/em><\/strong> koko kehoa hoidetaan jalkapohjien kautta. Jalkapohjissa sijaitsee heijastealueita kehon eri osille. Hoidon aikana k\u00e4yd\u00e4\u00e4n molempien jalkojen heijastealueet painelemalla ja hieromalla l\u00e4pi.<\/p>\n\n\n\n<p class=\"\">Hoito on miellytt\u00e4v\u00e4n tuntuinen ja rentouttava hemmotteluhoito joka auttaa purkamaan stressi\u00e4 ja kehon ylikuormittumista.<\/p>\n\n\n\n<figure class=\"wp-block-image size-large is-resized\"><img data-recalc-dims=\"1\" loading=\"lazy\" decoding=\"async\" width=\"580\" height=\"773\" src=\"https:\/\/i0.wp.com\/jingshenhoitohuone.com\/wp-content\/uploads\/2024\/08\/Hieronta.jpg?resize=580%2C773&#038;ssl=1\" alt=\"Aasialainen hieronta tuina\" class=\"wp-image-874\" style=\"width:431px;height:auto\" srcset=\"https:\/\/i0.wp.com\/jingshenhoitohuone.com\/wp-content\/uploads\/2024\/08\/Hieronta.jpg?resize=768%2C1024&amp;ssl=1 768w, https:\/\/i0.wp.com\/jingshenhoitohuone.com\/wp-content\/uploads\/2024\/08\/Hieronta.jpg?resize=225%2C300&amp;ssl=1 225w, https:\/\/i0.wp.com\/jingshenhoitohuone.com\/wp-content\/uploads\/2024\/08\/Hieronta.jpg?resize=1152%2C1536&amp;ssl=1 1152w, https:\/\/i0.wp.com\/jingshenhoitohuone.com\/wp-content\/uploads\/2024\/08\/Hieronta.jpg?resize=9%2C12&amp;ssl=1 9w, https:\/\/i0.wp.com\/jingshenhoitohuone.com\/wp-content\/uploads\/2024\/08\/Hieronta.jpg?resize=1200%2C1600&amp;ssl=1 1200w, https:\/\/i0.wp.com\/jingshenhoitohuone.com\/wp-content\/uploads\/2024\/08\/Hieronta.jpg?w=1512&amp;ssl=1 1512w\" sizes=\"auto, (max-width: 580px) 100vw, 580px\" \/><\/figure>\n\n\n\n<h4 class=\"wp-block-heading\">TUINA-HIERONTA<\/h4>\n\n\n\n<p class=\"\"><strong>(<strong>Hinta:<\/strong><\/strong> <strong>60 min hieronta 70e, 90 min 90e)<\/strong><\/p>\n\n\n\n<p class=\"\"><strong><em>Tuina<\/em><\/strong> on hierontatekniikka, jossa helpotetaan j\u00e4nnitystiloja ja mobilisoidaan kehoa liikeratojen palauttamiseksi. Hieronnassa k\u00e4ytet\u00e4\u00e4n lempeit\u00e4, stimuloivia yin-otteita sek\u00e4 voimakkaampia yang- otteita. Hieronnalla on sek\u00e4 rentouttava ja kudoksia hoitava, ett\u00e4 energeettinen vaikutus.<\/p>\n\n\n\n<p class=\"\">Tuina massage is possible to be combined with acupuncture. In this case please book the 75 min. appointment. <\/p>\n\n\n\n<figure class=\"wp-block-image size-large is-resized\"><img data-recalc-dims=\"1\" loading=\"lazy\" decoding=\"async\" width=\"580\" height=\"773\" src=\"https:\/\/i0.wp.com\/jingshenhoitohuone.com\/wp-content\/uploads\/2024\/08\/kuppaus-lahikuva.jpg?resize=580%2C773&#038;ssl=1\" alt=\"kuppaus vilkastuttaa verenkiertoa ja rentouttaa lihaksia\" class=\"wp-image-864\" style=\"width:432px;height:auto\" srcset=\"https:\/\/i0.wp.com\/jingshenhoitohuone.com\/wp-content\/uploads\/2024\/08\/kuppaus-lahikuva-scaled.jpg?resize=768%2C1024&amp;ssl=1 768w, https:\/\/i0.wp.com\/jingshenhoitohuone.com\/wp-content\/uploads\/2024\/08\/kuppaus-lahikuva-scaled.jpg?resize=225%2C300&amp;ssl=1 225w, https:\/\/i0.wp.com\/jingshenhoitohuone.com\/wp-content\/uploads\/2024\/08\/kuppaus-lahikuva-scaled.jpg?resize=1152%2C1536&amp;ssl=1 1152w, https:\/\/i0.wp.com\/jingshenhoitohuone.com\/wp-content\/uploads\/2024\/08\/kuppaus-lahikuva-scaled.jpg?resize=1536%2C2048&amp;ssl=1 1536w, https:\/\/i0.wp.com\/jingshenhoitohuone.com\/wp-content\/uploads\/2024\/08\/kuppaus-lahikuva-scaled.jpg?resize=9%2C12&amp;ssl=1 9w, https:\/\/i0.wp.com\/jingshenhoitohuone.com\/wp-content\/uploads\/2024\/08\/kuppaus-lahikuva-scaled.jpg?resize=1200%2C1600&amp;ssl=1 1200w, https:\/\/i0.wp.com\/jingshenhoitohuone.com\/wp-content\/uploads\/2024\/08\/kuppaus-lahikuva-scaled.jpg?resize=1980%2C2640&amp;ssl=1 1980w, https:\/\/i0.wp.com\/jingshenhoitohuone.com\/wp-content\/uploads\/2024\/08\/kuppaus-lahikuva-scaled.jpg?w=1920&amp;ssl=1 1920w, https:\/\/i0.wp.com\/jingshenhoitohuone.com\/wp-content\/uploads\/2024\/08\/kuppaus-lahikuva-scaled.jpg?w=1740&amp;ssl=1 1740w\" sizes=\"auto, (max-width: 580px) 100vw, 580px\" \/><\/figure>\n\n\n\n<h4 class=\"wp-block-heading\" id=\"maksukaytanto\">Cupping<\/h4>\n\n\n\n<p class=\"\"><strong>(<strong>Hinta:<\/strong><\/strong> <strong>50e)<\/strong><\/p>\n\n\n\n<p class=\"\">Niska- ja hartiaseudun j\u00e4nnitystiloja lievitt\u00e4v\u00e4 kuppaus tehd\u00e4\u00e4n makuuasennossa yl\u00e4selk\u00e4\u00e4n ja niskaan.<\/p>\n\n\n\n<p class=\"\">During the session I apply oil on the skin of the treated area and place the cups on the skin. The vacuum of the cups lift up the tissue stimulating the blood circulation and releasing stiffness.<\/p>\n\n\n\n<p class=\"\">Kannattaa valita t\u00e4m\u00e4 hoito jos haet apua niska- ja hartiaseudun vaivoihin, migreeniin, j\u00e4nnitysp\u00e4\u00e4ns\u00e4rkyyn ja bruksismiin.<\/p>\n\n\n\n<p class=\"\">Hoidosta j\u00e4\u00e4 iholle kuppien alipaineen aiheuttamat j\u00e4ljet jotka katoavat viikon kuluessa.<\/p>\n\n\n\n<p class=\"\">Kuppaus voidaan toteuttaa yhdistelm\u00e4hoitona akupunktion kanssa jolloin hoitovaikutus tehostuu. Varaathan silloin 75min. pituisen akupunktioajan.<\/p>\n\n\n\n<h3 class=\"wp-block-heading\">KOSMEETTISET HOIDOT<\/h3>\n\n\n\n<figure class=\"wp-block-image size-full\"><img data-recalc-dims=\"1\" loading=\"lazy\" decoding=\"async\" width=\"480\" height=\"640\" src=\"https:\/\/i0.wp.com\/jingshenhoitohuone.com\/wp-content\/uploads\/2024\/03\/IMG_5810.jpg?resize=480%2C640&#038;ssl=1\" alt=\"Kasvoguasha Katja Kokko\" class=\"wp-image-525\" srcset=\"https:\/\/i0.wp.com\/jingshenhoitohuone.com\/wp-content\/uploads\/2024\/03\/IMG_5810.jpg?w=480&amp;ssl=1 480w, https:\/\/i0.wp.com\/jingshenhoitohuone.com\/wp-content\/uploads\/2024\/03\/IMG_5810.jpg?resize=225%2C300&amp;ssl=1 225w, https:\/\/i0.wp.com\/jingshenhoitohuone.com\/wp-content\/uploads\/2024\/03\/IMG_5810.jpg?resize=9%2C12&amp;ssl=1 9w\" sizes=\"auto, (max-width: 480px) 100vw, 480px\" \/><\/figure>\n\n\n\n<h4 class=\"wp-block-heading\">KASVOGUASHA<\/h4>\n\n\n\n<p class=\"\"><strong>(Hinta: 98e)<\/strong><\/p>\n\n\n\n<p class=\"\"><em><strong>&#8211; Natural facelift<\/strong><\/em> T\u00e4m\u00e4 hoito keskittyy kasvojen, kaulan ja dekolteen alueiden ihonhoitoon mutta sen hoitovaikutus ulottuu rentoutuksen my\u00f6t\u00e4 koko kehoon. K\u00e4sittely tehostaa lymfakiertoa kasvojen alueella, el\u00e4v\u00f6itt\u00e4\u00e4 kasvoja ja rentouttaa purentalihaksia. <a href=\"https:\/\/yinyourskin.com\/fi\" title=\"Hoitoprotokollan \">Hoitoprotokollan <\/a>on kehitt\u00e4nyt kosmetologi Katja Kokko ja se pohjautuu h\u00e4nen vankkaan kokemukseensa ihonhoidosta. Hoito tehd\u00e4\u00e4n Jalo- guasha lastalla sek\u00e4 Niva- lusikalla ja puhdistus laadukkailla Yin Your Skin- sarjan ihonhoitotuotteilla.<\/p>\n\n\n\n<p class=\"\">Hoito alkaa ihon puhdistuksella jota seuraa kaulan ja p\u00e4\u00e4n alueen hell\u00e4varainen k\u00e4sittely guasha-lastan avulla. Ihonalaiskudoksiin palautuu k\u00e4sittelyn my\u00f6t\u00e4 optimaalinen tonus, ja kasvot rentoutuvat. Kasvoilla huomaa v\u00e4litt\u00f6m\u00e4sti luonnollisen, kohottavan vaikutuksen.<\/p>\n\n\n\n<p class=\"\">Kosmeettinen guasha soveltuu erityisesti purentalihasten kireydest\u00e4 johtuviin vaivoihin, kokonaisvaltaiseen rentoutukseen sek\u00e4 turvotuksen v\u00e4hent\u00e4miseen kasvojen alueella.<\/p>\n\n\n\n<p class=\"\"><\/p>\n\n\n\n<figure class=\"wp-block-image size-full is-resized\"><img data-recalc-dims=\"1\" loading=\"lazy\" decoding=\"async\" width=\"580\" height=\"772\" src=\"https:\/\/i0.wp.com\/jingshenhoitohuone.com\/wp-content\/uploads\/2025\/07\/06BE9D1C-390F-4AAE-83D6-9BBB9B4F0042.jpg?resize=580%2C772&#038;ssl=1\" alt=\"Kosmeettinen akupunktio hoitaa juonteita ja tasoittaa ihoa\" class=\"wp-image-917\" style=\"width:392px;height:auto\" srcset=\"https:\/\/i0.wp.com\/jingshenhoitohuone.com\/wp-content\/uploads\/2025\/07\/06BE9D1C-390F-4AAE-83D6-9BBB9B4F0042.jpg?w=586&amp;ssl=1 586w, https:\/\/i0.wp.com\/jingshenhoitohuone.com\/wp-content\/uploads\/2025\/07\/06BE9D1C-390F-4AAE-83D6-9BBB9B4F0042.jpg?resize=225%2C300&amp;ssl=1 225w, https:\/\/i0.wp.com\/jingshenhoitohuone.com\/wp-content\/uploads\/2025\/07\/06BE9D1C-390F-4AAE-83D6-9BBB9B4F0042.jpg?resize=9%2C12&amp;ssl=1 9w\" sizes=\"auto, (max-width: 580px) 100vw, 580px\" \/><\/figure>\n\n\n\n<h4 class=\"wp-block-heading\">KOSMEETTINEN AKUPUNKTIO<\/h4>\n\n\n\n<p class=\"\"><strong>(Hinta: 80e)<\/strong><\/p>\n\n\n\n<p class=\"\"><strong><em>Kosmeettinen akupunktio<\/em><\/strong> on ihon ja p\u00e4\u00e4n alueen lihaksistoon kohdistuva hoito jolla voidaan hoitaa kasvojen iholta juonteita, punaisuutta, turvotusta, arpia sek\u00e4 parantaa ihon kiinteytt\u00e4 ja kuulautta. Kosmeettinen akupunktio hoitaa my\u00f6s tehokkaasti purentalihasten kireytt\u00e4. <\/p>\n\n\n\n<p class=\"\"><\/p>\n\n\n\n<figure class=\"wp-block-image size-full\"><img data-recalc-dims=\"1\" loading=\"lazy\" decoding=\"async\" width=\"480\" height=\"640\" src=\"https:\/\/i0.wp.com\/jingshenhoitohuone.com\/wp-content\/uploads\/2024\/06\/IMG_6605-rotated.jpg?resize=480%2C640&#038;ssl=1\" alt=\" Matrixneedlingihoa nuorentavat hoidot\" class=\"wp-image-674\" srcset=\"https:\/\/i0.wp.com\/jingshenhoitohuone.com\/wp-content\/uploads\/2024\/06\/IMG_6605-rotated.jpg?w=480&amp;ssl=1 480w, https:\/\/i0.wp.com\/jingshenhoitohuone.com\/wp-content\/uploads\/2024\/06\/IMG_6605-rotated.jpg?resize=225%2C300&amp;ssl=1 225w, https:\/\/i0.wp.com\/jingshenhoitohuone.com\/wp-content\/uploads\/2024\/06\/IMG_6605-rotated.jpg?resize=9%2C12&amp;ssl=1 9w\" sizes=\"auto, (max-width: 480px) 100vw, 480px\" \/><\/figure>\n\n\n\n<h4 class=\"wp-block-heading\">MIKRONEULAUS<\/h4>\n\n\n\n<p class=\"\"><strong>(Hinta: 125e)<\/strong><\/p>\n\n\n\n<p class=\"\"><strong><em>Matrixneedling<\/em><\/strong> on kosmeettinen hoito jossa k\u00e4sitell\u00e4\u00e4n kasvojen, kaulan ja dekolteen alue Matrixneedling- metodilla. Hoito alkaa ihonpuhdistuksella jonka j\u00e4lkeen ihoon imeytet\u00e4\u00e4n kosteuttavaa hyaluronihapposeerumia (Matrixneedling hyaluron booster ) mikroneulauslaitteen avulla. Imeytt\u00e4misen j\u00e4lkeen ihoa hoidetaan kasvonaamiolla ja suojavoiteella.<\/p>\n\n\n\n<p class=\"\">Mikroneulaus aktivoi nesteaineenvaihdunnan ja nopeuttaa hapen ja ravinteiden kulkeutumista kudoksiin. Se aktivoi my\u00f6s lymfakiertoa jolloin kuona-aineiden poistuminen kehosta nopeutuu ja tulehdusreaktiot ja turvotus v\u00e4henee kasvoilta. Mikroneulaus tasoittaa ihon v\u00e4ri\u00e4 ja tekee ihosta joustavamman ja kiinte\u00e4mm\u00e4n ja tekee juonteista ja arpikudoksesta huomaamattomampia.<\/p>\n\n\n\n<p class=\"\">Tuen kehon hyvinvointia hoidon aikana akupunktiolla. Akupunktioneulat laitetaan kehoon vaikuttamaan mikroneulaushoidon ajaksi.<\/p>\n\n\n\n<div class=\"wp-block-buttons is-layout-flex wp-block-buttons-is-layout-flex\">\n<div class=\"wp-block-button\"><a class=\"wp-block-button__link wp-element-button\" href=\"https:\/\/jingshenhoitohuone.com\/en\/190-2\/\">ajanvaraukseen<\/a><\/div>\n<\/div>\n\n\n\n<figure class=\"wp-block-gallery has-nested-images columns-default is-cropped wp-block-gallery-1 is-layout-flex wp-block-gallery-is-layout-flex\"><\/figure>","protected":false},"excerpt":{"rendered":"<p>AKUPUNKTIO (Hinta: ensik\u00e4ynti 76e ja jatkok\u00e4ynti 65e) Akupunktio on l\u00e4\u00e4kkeet\u00f6n hoitomuoto erilaisten kehon ep\u00e4tasapainotilojen hoitoon. Akupunktion avulla parannetaan aineenvaihduntaa, lievitet\u00e4\u00e4\u00e4n kipua, rentoutetaan lihaksia, lievitet\u00e4\u00e4n tulehdusreaktioita jne. Akupunktio on my\u00f6s hyv\u00e4 hoito kuukautiskierron h\u00e4iri\u00f6ihin ja hormonaalisiin ongelmiin sek\u00e4 lapsettomuuteen ja IVF hoitojen tukihoidoksi. Akupunktiopisteet sijaitsevat eri puolilla kehoa. Valitsemalla yleisimmin n. 7 eri pisteen yhdistelm\u00e4n, akupunktiohoitaja [&hellip;]<\/p>\n","protected":false},"author":1,"featured_media":0,"parent":19,"menu_order":2,"comment_status":"closed","ping_status":"closed","template":"","meta":{"nf_dc_page":"home","om_disable_all_campaigns":false,"_monsterinsights_skip_tracking":false,"_monsterinsights_sitenote_active":false,"_monsterinsights_sitenote_note":"","_monsterinsights_sitenote_category":0,"footnotes":""},"class_list":["post-4","page","type-page","status-publish","hentry"],"aioseo_notices":[],"jetpack_sharing_enabled":true,"jetpack_likes_enabled":true,"_links":{"self":[{"href":"https:\/\/jingshenhoitohuone.com\/en\/wp-json\/wp\/v2\/pages\/4","targetHints":{"allow":["GET"]}}],"collection":[{"href":"https:\/\/jingshenhoitohuone.com\/en\/wp-json\/wp\/v2\/pages"}],"about":[{"href":"https:\/\/jingshenhoitohuone.com\/en\/wp-json\/wp\/v2\/types\/page"}],"author":[{"embeddable":true,"href":"https:\/\/jingshenhoitohuone.com\/en\/wp-json\/wp\/v2\/users\/1"}],"replies":[{"embeddable":true,"href":"https:\/\/jingshenhoitohuone.com\/en\/wp-json\/wp\/v2\/comments?post=4"}],"version-history":[{"count":5,"href":"https:\/\/jingshenhoitohuone.com\/en\/wp-json\/wp\/v2\/pages\/4\/revisions"}],"predecessor-version":[{"id":985,"href":"https:\/\/jingshenhoitohuone.com\/en\/wp-json\/wp\/v2\/pages\/4\/revisions\/985"}],"up":[{"embeddable":true,"href":"https:\/\/jingshenhoitohuone.com\/en\/wp-json\/wp\/v2\/pages\/19"}],"wp:attachment":[{"href":"https:\/\/jingshenhoitohuone.com\/en\/wp-json\/wp\/v2\/media?parent=4"}],"curies":[{"name":"wp","href":"https:\/\/api.w.org\/{rel}","templated":true}]}}