{"id":190,"date":"2022-01-20T12:28:35","date_gmt":"2022-01-20T12:28:35","guid":{"rendered":"https:\/\/jingshenhoitohuone.com\/?page_id=190"},"modified":"2025-03-13T06:29:17","modified_gmt":"2025-03-13T04:29:17","slug":"190-2","status":"publish","type":"page","link":"https:\/\/jingshenhoitohuone.com\/en\/190-2\/","title":{"rendered":"Booking- book an appointment for acupuncture"},"content":{"rendered":"<p class=\"\">Varaa aika akupunktioon tai muuhun Jingshen-hoitoon ajanvarauskalenterista. Jos et l\u00f6yd\u00e4 kalenterista sinulle sopivaa aikaa tai sinulla on muuta kysytt\u00e4v\u00e4\u00e4, niin otathan<a href=\"https:\/\/jingshenhoitohuone.com\/en\/?page_id=17\"> yhteytt\u00e4.<\/a><\/p>\n\n\n\n<h3 class=\"wp-block-heading\">Ohje ajanvaraukseen<\/h3>\n\n\n\n<p class=\"\">Valitse akupunktion ensik\u00e4ynnille 75 min. pituinen aika. Jatkok\u00e4ynnit akupunktioon ovat tunnin mittaiset. Jos haluat kuitenkin yhdistelm\u00e4hoidon, eli kuppauksen tai motorisen akupunktion yhdistettyn\u00e4 akupunktioon niin ota my\u00f6s jatkok\u00e4ynnille 75 min. hoitok\u00e4ynti.<\/p>\n\n\n\n<h3 class=\"wp-block-heading\">Maksuv\u00e4lineet<\/h3>\n\n\n\n<p class=\"\">Hoidot maksetaan paikan p\u00e4\u00e4ll\u00e4 joko maksukortilla, E-passilla tai k\u00e4teisell\u00e4. Jos sinulla on Timma-crediti\u00e4 voit suorittaa maksun jo varauksen yhteydess\u00e4.<\/p>\n\n\n\n<h3 class=\"wp-block-heading\">Booking calendar<\/h3>\n\n\n\n<p class=\"\">Saat varausvahvistuksen s\u00e4hk\u00f6postiisi ja saapumisohjeet tekstiviestill\u00e4.<\/p>\n\n\n\n<iframe width=\"100%\" frameborder=\"0\" src=\"https:\/\/varaa.timma.fi\/reservation\/hoitohuonejingshen\" id=\"reservationIframe75887\"><\/iframe>\n<script src=\"https:\/\/cdnjs.cloudflare.com\/ajax\/libs\/iframe-resizer\/2.8.3\/iframeResizer.min.js\"><\/script>\n<script type=\"text\/javascript\">iFrameResize({checkOrigin: false}, '#reservationIframe75887');<\/script>\n\n\n\n<h3 class=\"wp-block-heading\">Peruutukset<\/h3>\n\n\n\n<p class=\"\">Peruutukset tulee tehd\u00e4 24h ennen varattua aikaa. Saman p\u00e4iv\u00e4n aikana tehdyist\u00e4 peruutuksista perit\u00e4\u00e4n 50 % hoidon hinnasta.<\/p>\n\n\n\n<h3 class=\"wp-block-heading\">Lahjakortti akupunktioon?<\/h3>\n\n\n\n<p class=\"\">Jos tunnet henkil\u00f6n jonka ajattelet voivan hy\u00f6ty\u00e4 hoidosta niin voit ostaa lahjakortin Jingshen hoitohuoneelle. Voit tilata lahjakortin akupunktioon tai muuhun hoitoon ottamalla yhteytt\u00e4 <a href=\"https:\/\/jingshenhoitohuone.com\/en\/yhteydenotto-ja-ajanvaraus\/\" title=\"s\u00e4hk\u00f6postitse\">s\u00e4hk\u00f6postitse<\/a>.<\/p>\n\n\n\n<h3 class=\"wp-block-heading\">Asiakaspalaute<\/h3>\n\n\n\n<p class=\"\"> Timma ker\u00e4\u00e4 palautetta Markkinapaikan kautta tehdyist\u00e4 varauksista joten niit\u00e4 on luettavissa alla olevasta linkist\u00e4. Jos haluat j\u00e4tt\u00e4\u00e4 palautetta muiden luettavaksi etk\u00e4 ole varannut hoitoa Markkinapaikalta vaan suoraan sivustoltani, voit j\u00e4tt\u00e4\u00e4 arvion Facebook- sivustolleni tai Googlen yritysprofiiliin.<\/p>\n\n\n\n<p class=\"\"><a href=\"https:\/\/timma.fi\/yritys\/hoitohuone-jingshen\" target=\"_blank\" rel=\"noreferrer noopener\">https:\/\/timma.fi\/yritys\/hoitohuone-jingshen<\/a><\/p>\n\n\n\n<p class=\"\"><\/p>\n\n\n\n<h3 class=\"wp-block-heading\">Seuraa Jingshen Hoitohuoneen Instagram ja Facebook- tilej\u00e4!<\/h3>\n\n\n\n<p class=\"\">Facebook: <a href=\"https:\/\/www.facebook.com\/Jingshenhelsinki\">https:\/\/www.facebook.com\/Jingshenhelsinki<\/a><\/p>\n\n\n\n<p class=\"\">Instagram: <a href=\"https:\/\/www.instagram.com\/jingshenhoitohuone\/\">https:\/\/www.instagram.com\/jingshenhoitohuone\/<\/a><\/p>\n\n\n\n<figure class=\"wp-block-gallery has-nested-images columns-default is-cropped wp-block-gallery-1 is-layout-flex wp-block-gallery-is-layout-flex\">\n<figure class=\"is-style-rounded wp-block-image alignfull size-full\"><img data-recalc-dims=\"1\" loading=\"lazy\" decoding=\"async\" width=\"514\" height=\"640\" data-id=\"419\" src=\"https:\/\/i0.wp.com\/jingshenhoitohuone.com\/wp-content\/uploads\/2022\/10\/image.jpeg?resize=514%2C640&#038;ssl=1\" alt=\"Akupunktio Helsinki\" class=\"wp-image-419\" srcset=\"https:\/\/i0.wp.com\/jingshenhoitohuone.com\/wp-content\/uploads\/2022\/10\/image.jpeg?w=514&amp;ssl=1 514w, https:\/\/i0.wp.com\/jingshenhoitohuone.com\/wp-content\/uploads\/2022\/10\/image.jpeg?resize=241%2C300&amp;ssl=1 241w, https:\/\/i0.wp.com\/jingshenhoitohuone.com\/wp-content\/uploads\/2022\/10\/image.jpeg?resize=10%2C12&amp;ssl=1 10w\" sizes=\"auto, (max-width: 514px) 100vw, 514px\" \/><\/figure>\n<figcaption class=\"blocks-gallery-caption wp-element-caption\"><br><br><br><br><br><br><\/figcaption><\/figure>\n\n\n\n<h3 class=\"wp-block-heading\"><\/h3>","protected":false},"excerpt":{"rendered":"<p>Varaa aika akupunktioon tai muuhun Jingshen-hoitoon ajanvarauskalenterista. Jos et l\u00f6yd\u00e4 kalenterista sinulle sopivaa aikaa tai sinulla on muuta kysytt\u00e4v\u00e4\u00e4, niin otathan yhteytt\u00e4. Ohje ajanvaraukseen Valitse akupunktion ensik\u00e4ynnille 75 min. pituinen aika. Jatkok\u00e4ynnit akupunktioon ovat tunnin mittaiset. Jos haluat kuitenkin yhdistelm\u00e4hoidon, eli kuppauksen tai motorisen akupunktion yhdistettyn\u00e4 akupunktioon niin ota my\u00f6s jatkok\u00e4ynnille 75 min. hoitok\u00e4ynti. Maksuv\u00e4lineet [&hellip;]<\/p>\n","protected":false},"author":1,"featured_media":0,"parent":0,"menu_order":0,"comment_status":"closed","ping_status":"closed","template":"","meta":{"nf_dc_page":"","om_disable_all_campaigns":false,"_monsterinsights_skip_tracking":false,"_monsterinsights_sitenote_active":false,"_monsterinsights_sitenote_note":"","_monsterinsights_sitenote_category":0,"footnotes":""},"class_list":["post-190","page","type-page","status-publish","hentry"],"aioseo_notices":[],"jetpack_sharing_enabled":true,"jetpack_likes_enabled":true,"_links":{"self":[{"href":"https:\/\/jingshenhoitohuone.com\/en\/wp-json\/wp\/v2\/pages\/190","targetHints":{"allow":["GET"]}}],"collection":[{"href":"https:\/\/jingshenhoitohuone.com\/en\/wp-json\/wp\/v2\/pages"}],"about":[{"href":"https:\/\/jingshenhoitohuone.com\/en\/wp-json\/wp\/v2\/types\/page"}],"author":[{"embeddable":true,"href":"https:\/\/jingshenhoitohuone.com\/en\/wp-json\/wp\/v2\/users\/1"}],"replies":[{"embeddable":true,"href":"https:\/\/jingshenhoitohuone.com\/en\/wp-json\/wp\/v2\/comments?post=190"}],"version-history":[{"count":5,"href":"https:\/\/jingshenhoitohuone.com\/en\/wp-json\/wp\/v2\/pages\/190\/revisions"}],"predecessor-version":[{"id":906,"href":"https:\/\/jingshenhoitohuone.com\/en\/wp-json\/wp\/v2\/pages\/190\/revisions\/906"}],"wp:attachment":[{"href":"https:\/\/jingshenhoitohuone.com\/en\/wp-json\/wp\/v2\/media?parent=190"}],"curies":[{"name":"wp","href":"https:\/\/api.w.org\/{rel}","templated":true}]}}