{"id":17,"date":"2021-12-21T17:49:17","date_gmt":"2021-12-21T17:49:17","guid":{"rendered":"https:\/\/jingshenhoitohuone.com\/?page_id=17"},"modified":"2026-02-01T19:20:54","modified_gmt":"2026-02-01T17:20:54","slug":"yhteydenotto-ja-ajanvaraus","status":"publish","type":"page","link":"https:\/\/jingshenhoitohuone.com\/en\/yhteydenotto-ja-ajanvaraus\/","title":{"rendered":"Jingshen Hoitohuone Opening times and contact information"},"content":{"rendered":"<p class=\"\"><\/p>\n\n\n\n<h3 class=\"wp-block-heading\"><strong>Opening times and arrival<\/strong><\/h3>\n\n\n\n<p class=\"\">Jingshen hoitohuone on avoinna arkisin klo 9.30 &#8211; 16.30. ja erikseen sovittuina aikoina.<\/p>\n\n\n\n<p class=\"\">K\u00e4yntiosoite on <a href=\"https:\/\/www.google.com\/maps\/dir\/60.1874201,24.9453712\/Josafatinkatu+11,+00510+Helsinki\/@60.1871627,24.9454369,20z\/data=!4m9!4m8!1m0!1m5!1m1!1s0x46920980e92cb4a5:0x2965bac52badd2a9!2m2!1d24.9458138!2d60.1872041!3e0?entry=ttu&amp;g_ep=EgoyMDI1MDMxMC4wIKXMDSoASAFQAw%3D%3D\" title=\"\">Josafatinkatu 11<\/a> A 37 Alppiharjussa.<\/p>\n\n\n\n<p class=\"\">Hoitotila sijaitsee rakennuksen kivijalassa ja sinne on oma sis\u00e4\u00e4nk\u00e4ynti suoraan kadulta. Tilassa ei ole odotushuonetta joten yrit\u00e4th\u00e4n saapua paikalle t\u00e4sm\u00e4llisesti. <\/p>\n\n\n\n<p class=\"\">Tilassa on WC ja k\u00e4sienpesumahdollisuus.<\/p>\n\n\n\n<figure class=\"wp-block-image size-full\"><img data-recalc-dims=\"1\" loading=\"lazy\" decoding=\"async\" width=\"580\" height=\"435\" src=\"https:\/\/i0.wp.com\/jingshenhoitohuone.com\/wp-content\/uploads\/2025\/07\/IMG_8682.jpg?resize=580%2C435&#038;ssl=1\" alt=\"Akupunktio Alppiharju\" class=\"wp-image-921\" srcset=\"https:\/\/i0.wp.com\/jingshenhoitohuone.com\/wp-content\/uploads\/2025\/07\/IMG_8682.jpg?w=640&amp;ssl=1 640w, https:\/\/i0.wp.com\/jingshenhoitohuone.com\/wp-content\/uploads\/2025\/07\/IMG_8682.jpg?resize=300%2C225&amp;ssl=1 300w, https:\/\/i0.wp.com\/jingshenhoitohuone.com\/wp-content\/uploads\/2025\/07\/IMG_8682.jpg?resize=16%2C12&amp;ssl=1 16w\" sizes=\"auto, (max-width: 580px) 100vw, 580px\" \/><\/figure>\n\n\n\n<h3 class=\"wp-block-heading\"><strong>Contact<\/strong><\/h3>\n\n\n\n<p class=\"\">Aino El Solh \/  Jingshen Hoitohuone \/ Y-Tunnus 2245116-0<\/p>\n\n\n\n<ul class=\"wp-block-list\">\n<li class=\"\">Phone: 0401891373 <\/li>\n<\/ul>\n\n\n\n<ul class=\"wp-block-list\">\n<li class=\"\">email: aino_onia@hotmail.com<\/li>\n<\/ul>\n\n\n\n<p class=\"\">Voit ottaa yhteytt\u00e4 puhelimitse tai s\u00e4hk\u00f6postitse. Jos olen asiakasty\u00f6ss\u00e4 niin en p\u00e4\u00e4se puhelimeen. T\u00e4st\u00e4 syyst\u00e4 varauksen tekemiseen  kannattaa k\u00e4ytt\u00e4\u00e4 ensisijaisesti varauskalenteria.<\/p>\n\n\n\n<div class=\"wp-block-buttons is-layout-flex wp-block-buttons-is-layout-flex\">\n<div class=\"wp-block-button\"><a class=\"wp-block-button__link wp-element-button\" href=\"https:\/\/jingshenhoitohuone.com\/en\/190-2\/\">booking calendar<\/a><\/div>\n<\/div>\n\n\n\n<figure class=\"wp-block-gallery has-nested-images columns-default is-cropped wp-block-gallery-1 is-layout-flex wp-block-gallery-is-layout-flex\">\n<figure class=\"is-style-rounded wp-block-image size-full\"><img data-recalc-dims=\"1\" decoding=\"async\" data-id=\"703\" src=\"https:\/\/i0.wp.com\/jingshenhoitohuone.com\/wp-content\/uploads\/2024\/06\/IMG_6618.jpg?w=580&#038;ssl=1\" alt=\"\" class=\"wp-image-703\"\/><\/figure>\n<\/figure>\n\n\n\n<p class=\"\"><\/p>","protected":false},"excerpt":{"rendered":"<p>Aukioloajat ja saapuminen Jingshen hoitohuone on avoinna arkisin klo 9.30 &#8211; 16.30. ja erikseen sovittuina aikoina. K\u00e4yntiosoite on Josafatinkatu 11 A 37 Alppiharjussa. Hoitotila sijaitsee rakennuksen kivijalassa ja sinne on oma sis\u00e4\u00e4nk\u00e4ynti suoraan kadulta. Tilassa ei ole odotushuonetta joten yrit\u00e4th\u00e4n saapua paikalle t\u00e4sm\u00e4llisesti. Tilassa on WC ja k\u00e4sienpesumahdollisuus. Yhteystiedot Aino El Solh \/ Jingshen Hoitohuone [&hellip;]<\/p>\n","protected":false},"author":1,"featured_media":0,"parent":0,"menu_order":3,"comment_status":"closed","ping_status":"closed","template":"","meta":{"nf_dc_page":"contact","om_disable_all_campaigns":false,"_monsterinsights_skip_tracking":false,"_monsterinsights_sitenote_active":false,"_monsterinsights_sitenote_note":"","_monsterinsights_sitenote_category":0,"footnotes":""},"class_list":["post-17","page","type-page","status-publish","hentry"],"aioseo_notices":[],"jetpack_sharing_enabled":true,"jetpack_likes_enabled":true,"_links":{"self":[{"href":"https:\/\/jingshenhoitohuone.com\/en\/wp-json\/wp\/v2\/pages\/17","targetHints":{"allow":["GET"]}}],"collection":[{"href":"https:\/\/jingshenhoitohuone.com\/en\/wp-json\/wp\/v2\/pages"}],"about":[{"href":"https:\/\/jingshenhoitohuone.com\/en\/wp-json\/wp\/v2\/types\/page"}],"author":[{"embeddable":true,"href":"https:\/\/jingshenhoitohuone.com\/en\/wp-json\/wp\/v2\/users\/1"}],"replies":[{"embeddable":true,"href":"https:\/\/jingshenhoitohuone.com\/en\/wp-json\/wp\/v2\/comments?post=17"}],"version-history":[{"count":4,"href":"https:\/\/jingshenhoitohuone.com\/en\/wp-json\/wp\/v2\/pages\/17\/revisions"}],"predecessor-version":[{"id":987,"href":"https:\/\/jingshenhoitohuone.com\/en\/wp-json\/wp\/v2\/pages\/17\/revisions\/987"}],"wp:attachment":[{"href":"https:\/\/jingshenhoitohuone.com\/en\/wp-json\/wp\/v2\/media?parent=17"}],"curies":[{"name":"wp","href":"https:\/\/api.w.org\/{rel}","templated":true}]}}